{"id":1270,"date":"2023-10-10T07:18:19","date_gmt":"2023-10-10T12:18:19","guid":{"rendered":"https:\/\/juanalulema.org\/?page_id=1270"},"modified":"2024-05-15T19:50:34","modified_gmt":"2024-05-16T00:50:34","slug":"alulema","status":"publish","type":"page","link":"https:\/\/juanalulema.org\/index.php\/alulema\/","title":{"rendered":"Tagual\u00f3"},"content":{"rendered":"\t\t<div data-elementor-type=\"wp-page\" data-elementor-id=\"1270\" class=\"elementor elementor-1270\">\n\t\t\t\t<div class=\"elementor-element elementor-element-aabefe8 e-con-full e-flex e-con e-parent\" data-id=\"aabefe8\" data-element_type=\"container\" data-settings=\"{&quot;background_background&quot;:&quot;classic&quot;}\">\n\t\t<div class=\"elementor-element elementor-element-5d21612 e-con-full e-flex e-con e-child\" data-id=\"5d21612\" data-element_type=\"container\" data-settings=\"{&quot;background_background&quot;:&quot;slideshow&quot;,&quot;background_slideshow_gallery&quot;:[{&quot;id&quot;:1447,&quot;url&quot;:&quot;https:\\\/\\\/juanalulema.org\\\/wp-content\\\/uploads\\\/2023\\\/10\\\/tagua2-2.jpg&quot;}],&quot;background_slideshow_slide_duration&quot;:10000,&quot;background_slideshow_transition_duration&quot;:700,&quot;background_slideshow_slide_transition&quot;:&quot;fade&quot;}\">\n\t\t<div class=\"elementor-element elementor-element-9c08fbd e-con-full e-flex e-con e-child\" data-id=\"9c08fbd\" data-element_type=\"container\">\n\t\t<div class=\"elementor-element elementor-element-e313292 e-con-full e-flex e-con e-child\" data-id=\"e313292\" data-element_type=\"container\">\n\t\t\t\t<div class=\"elementor-element elementor-element-6bb34f8 elementor-widget__width-initial elementor-widget-mobile__width-initial elementor-widget elementor-widget-image\" data-id=\"6bb34f8\" data-element_type=\"widget\" data-widget_type=\"image.default\">\n\t\t\t\t<div class=\"elementor-widget-container\">\n\t\t\t<style>\/*! elementor - v3.23.0 - 05-08-2024 *\/\n.elementor-widget-image{text-align:center}.elementor-widget-image a{display:inline-block}.elementor-widget-image a img[src$=\".svg\"]{width:48px}.elementor-widget-image img{vertical-align:middle;display:inline-block}<\/style>\t\t\t\t\t\t\t\t\t\t<img fetchpriority=\"high\" decoding=\"async\" width=\"660\" height=\"660\" src=\"https:\/\/juanalulema.org\/wp-content\/uploads\/2023\/10\/logo-tagualo-1024x1024.png\" class=\"attachment-large size-large wp-image-1300\" alt=\"\" srcset=\"https:\/\/juanalulema.org\/wp-content\/uploads\/2023\/10\/logo-tagualo-1024x1024.png 1024w, https:\/\/juanalulema.org\/wp-content\/uploads\/2023\/10\/logo-tagualo-300x300.png 300w, https:\/\/juanalulema.org\/wp-content\/uploads\/2023\/10\/logo-tagualo-150x150.png 150w, https:\/\/juanalulema.org\/wp-content\/uploads\/2023\/10\/logo-tagualo-768x768.png 768w, https:\/\/juanalulema.org\/wp-content\/uploads\/2023\/10\/logo-tagualo-1536x1536.png 1536w, https:\/\/juanalulema.org\/wp-content\/uploads\/2023\/10\/logo-tagualo-2048x2048.png 2048w, https:\/\/juanalulema.org\/wp-content\/uploads\/2023\/10\/elementor\/thumbs\/logo-tagualo-qdnxiih0iwrcb2979cb9kve3lmpbd5t98wj8wgkqo0.png 512w\" sizes=\"(max-width: 660px) 100vw, 660px\" \/>\t\t\t\t\t\t\t\t\t\t\t\t\t<\/div>\n\t\t\t\t<\/div>\n\t\t\t\t<\/div>\n\t\t\t\t<\/div>\n\t\t\t\t<\/div>\n\t\t\t\t<\/div>\n\t\t<div class=\"elementor-element elementor-element-0235f6c e-flex e-con-boxed e-con e-parent\" data-id=\"0235f6c\" data-element_type=\"container\" data-settings=\"{&quot;background_background&quot;:&quot;classic&quot;}\">\n\t\t\t\t\t<div class=\"e-con-inner\">\n\t\t\t\t<div class=\"elementor-element elementor-element-d215757 elementor-widget elementor-widget-heading\" data-id=\"d215757\" data-element_type=\"widget\" data-widget_type=\"heading.default\">\n\t\t\t\t<div class=\"elementor-widget-container\">\n\t\t\t<style>\/*! elementor - v3.23.0 - 05-08-2024 *\/\n.elementor-heading-title{padding:0;margin:0;line-height:1}.elementor-widget-heading .elementor-heading-title[class*=elementor-size-]>a{color:inherit;font-size:inherit;line-height:inherit}.elementor-widget-heading .elementor-heading-title.elementor-size-small{font-size:15px}.elementor-widget-heading .elementor-heading-title.elementor-size-medium{font-size:19px}.elementor-widget-heading .elementor-heading-title.elementor-size-large{font-size:29px}.elementor-widget-heading .elementor-heading-title.elementor-size-xl{font-size:39px}.elementor-widget-heading .elementor-heading-title.elementor-size-xxl{font-size:59px}<\/style><h1 class=\"elementor-heading-title elementor-size-default\">Tagual\u00f3<\/h1>\t\t<\/div>\n\t\t\t\t<\/div>\n\t\t\t\t<div class=\"elementor-element elementor-element-a61637a elementor-widget elementor-widget-text-editor\" data-id=\"a61637a\" data-element_type=\"widget\" data-widget_type=\"text-editor.default\">\n\t\t\t\t<div class=\"elementor-widget-container\">\n\t\t\t<style>\/*! elementor - v3.23.0 - 05-08-2024 *\/\n.elementor-widget-text-editor.elementor-drop-cap-view-stacked .elementor-drop-cap{background-color:#69727d;color:#fff}.elementor-widget-text-editor.elementor-drop-cap-view-framed .elementor-drop-cap{color:#69727d;border:3px solid;background-color:transparent}.elementor-widget-text-editor:not(.elementor-drop-cap-view-default) .elementor-drop-cap{margin-top:8px}.elementor-widget-text-editor:not(.elementor-drop-cap-view-default) .elementor-drop-cap-letter{width:1em;height:1em}.elementor-widget-text-editor .elementor-drop-cap{float:left;text-align:center;line-height:1;font-size:50px}.elementor-widget-text-editor .elementor-drop-cap-letter{display:inline-block}<\/style>\t\t\t\t<p>Tagual\u00f3 significa \u201ccasa\u201d en idioma Pansaleo*, y desde el huerto y la cocina de nuestra casa, creamos una cocina sostenible que cambia su men\u00fa seg\u00fan el ritmo de la tierra, rindi\u00e9ndole un homenaje al territorio ecuatoriano y sus peque\u00f1os productores.<\/p>\t\t\t\t\t\t<\/div>\n\t\t\t\t<\/div>\n\t\t\t\t<div class=\"elementor-element elementor-element-3dd48b3 elementor-widget elementor-widget-spacer\" data-id=\"3dd48b3\" data-element_type=\"widget\" data-widget_type=\"spacer.default\">\n\t\t\t\t<div class=\"elementor-widget-container\">\n\t\t\t<style>\/*! elementor - v3.23.0 - 05-08-2024 *\/\n.elementor-column .elementor-spacer-inner{height:var(--spacer-size)}.e-con{--container-widget-width:100%}.e-con-inner>.elementor-widget-spacer,.e-con>.elementor-widget-spacer{width:var(--container-widget-width,var(--spacer-size));--align-self:var(--container-widget-align-self,initial);--flex-shrink:0}.e-con-inner>.elementor-widget-spacer>.elementor-widget-container,.e-con>.elementor-widget-spacer>.elementor-widget-container{height:100%;width:100%}.e-con-inner>.elementor-widget-spacer>.elementor-widget-container>.elementor-spacer,.e-con>.elementor-widget-spacer>.elementor-widget-container>.elementor-spacer{height:100%}.e-con-inner>.elementor-widget-spacer>.elementor-widget-container>.elementor-spacer>.elementor-spacer-inner,.e-con>.elementor-widget-spacer>.elementor-widget-container>.elementor-spacer>.elementor-spacer-inner{height:var(--container-widget-height,var(--spacer-size))}.e-con-inner>.elementor-widget-spacer.elementor-widget-empty,.e-con>.elementor-widget-spacer.elementor-widget-empty{position:relative;min-height:22px;min-width:22px}.e-con-inner>.elementor-widget-spacer.elementor-widget-empty .elementor-widget-empty-icon,.e-con>.elementor-widget-spacer.elementor-widget-empty .elementor-widget-empty-icon{position:absolute;top:0;bottom:0;left:0;right:0;margin:auto;padding:0;width:22px;height:22px}<\/style>\t\t<div class=\"elementor-spacer\">\n\t\t\t<div class=\"elementor-spacer-inner\"><\/div>\n\t\t<\/div>\n\t\t\t\t<\/div>\n\t\t\t\t<\/div>\n\t\t\t\t\t<\/div>\n\t\t\t\t<\/div>\n\t\t<div class=\"elementor-element elementor-element-01b2d0c e-flex e-con-boxed e-con e-parent\" data-id=\"01b2d0c\" data-element_type=\"container\">\n\t\t\t\t\t<div class=\"e-con-inner\">\n\t\t<div class=\"elementor-element elementor-element-2536d1a e-con-full e-flex e-con e-child\" data-id=\"2536d1a\" data-element_type=\"container\">\n\t\t<div class=\"elementor-element elementor-element-4ddc092 e-flex e-con-boxed e-con e-child\" data-id=\"4ddc092\" data-element_type=\"container\" data-settings=\"{&quot;background_background&quot;:&quot;classic&quot;}\">\n\t\t\t\t\t<div class=\"e-con-inner\">\n\t\t\t\t<div class=\"elementor-element elementor-element-26c1e75 elementor-widget elementor-widget-heading\" data-id=\"26c1e75\" data-element_type=\"widget\" data-widget_type=\"heading.default\">\n\t\t\t\t<div class=\"elementor-widget-container\">\n\t\t\t<h2 class=\"elementor-heading-title elementor-size-default\">Bienvenidos a mi casa<\/h2>\t\t<\/div>\n\t\t\t\t<\/div>\n\t\t\t\t<div class=\"elementor-element elementor-element-af8b1cb elementor-widget elementor-widget-text-editor\" data-id=\"af8b1cb\" data-element_type=\"widget\" data-widget_type=\"text-editor.default\">\n\t\t\t\t<div class=\"elementor-widget-container\">\n\t\t\t\t\t\t\t<p><span style=\"font-size: 20px;\">Mi lugar favorito, la casa familiar que ahora es la casa de todos, donde los invitamos a reconectar con la naturaleza, a disfrutar de la generosidad del campo y dejarse llevar por un equipo que desde nuestro frente de batalla (la cocina) se encuentra comprometido a transmitir desde los alimentos que cultivamos y preparamos la importancia de las simples cosas para nuestra cocina, nuestra comunidad y nuestras vidas.<\/span><\/p>\t\t\t\t\t\t<\/div>\n\t\t\t\t<\/div>\n\t\t\t\t\t<\/div>\n\t\t\t\t<\/div>\n\t\t\t\t<\/div>\n\t\t<div class=\"elementor-element elementor-element-8401e96 e-con-full e-flex e-con e-child\" data-id=\"8401e96\" data-element_type=\"container\">\n\t\t<div class=\"elementor-element elementor-element-a8077fa e-flex e-con-boxed e-con e-child\" data-id=\"a8077fa\" data-element_type=\"container\" data-settings=\"{&quot;background_background&quot;:&quot;classic&quot;}\">\n\t\t\t\t\t<div class=\"e-con-inner\">\n\t\t\t\t<div class=\"elementor-element elementor-element-e04dab4 elementor-widget elementor-widget-image\" data-id=\"e04dab4\" data-element_type=\"widget\" data-widget_type=\"image.default\">\n\t\t\t\t<div class=\"elementor-widget-container\">\n\t\t\t\t\t\t\t\t\t\t\t\t\t<img decoding=\"async\" width=\"660\" height=\"880\" src=\"https:\/\/juanalulema.org\/wp-content\/uploads\/2024\/05\/IMG_6447-768x1024.jpg\" class=\"attachment-large size-large wp-image-3602\" alt=\"\" srcset=\"https:\/\/juanalulema.org\/wp-content\/uploads\/2024\/05\/IMG_6447-768x1024.jpg 768w, https:\/\/juanalulema.org\/wp-content\/uploads\/2024\/05\/IMG_6447-225x300.jpg 225w, https:\/\/juanalulema.org\/wp-content\/uploads\/2024\/05\/IMG_6447-1152x1536.jpg 1152w, https:\/\/juanalulema.org\/wp-content\/uploads\/2024\/05\/IMG_6447-1536x2048.jpg 1536w, https:\/\/juanalulema.org\/wp-content\/uploads\/2024\/05\/IMG_6447.jpg 1875w\" sizes=\"(max-width: 660px) 100vw, 660px\" \/>\t\t\t\t\t\t\t\t\t\t\t\t\t<\/div>\n\t\t\t\t<\/div>\n\t\t\t\t<div class=\"elementor-element elementor-element-7e25db1 elementor-widget elementor-widget-heading\" data-id=\"7e25db1\" data-element_type=\"widget\" data-widget_type=\"heading.default\">\n\t\t\t\t<div class=\"elementor-widget-container\">\n\t\t\t<h2 class=\"elementor-heading-title elementor-size-default\">Bienvenidos a mi casa<\/h2>\t\t<\/div>\n\t\t\t\t<\/div>\n\t\t\t\t<div class=\"elementor-element elementor-element-f39ee5f elementor-widget elementor-widget-text-editor\" data-id=\"f39ee5f\" data-element_type=\"widget\" data-widget_type=\"text-editor.default\">\n\t\t\t\t<div class=\"elementor-widget-container\">\n\t\t\t\t\t\t\t<p><span style=\"font-size: 20px;\">Agenda tu visita y conoce la regi\u00f3n de P\u00edllaro<\/span><\/p>\t\t\t\t\t\t<\/div>\n\t\t\t\t<\/div>\n\t\t\t\t<div class=\"elementor-element elementor-element-98413cd elementor-align-center elementor-widget elementor-widget-button\" data-id=\"98413cd\" data-element_type=\"widget\" data-widget_type=\"button.default\">\n\t\t\t\t<div class=\"elementor-widget-container\">\n\t\t\t\t\t<div class=\"elementor-button-wrapper\">\n\t\t\t<a class=\"elementor-button elementor-button-link elementor-size-sm\" href=\"https:\/\/bio.site\/Tagualo\">\n\t\t\t\t\t\t<span class=\"elementor-button-content-wrapper\">\n\t\t\t\t\t\t\t\t\t<span class=\"elementor-button-text\">Reservar<\/span>\n\t\t\t\t\t<\/span>\n\t\t\t\t\t<\/a>\n\t\t<\/div>\n\t\t\t\t<\/div>\n\t\t\t\t<\/div>\n\t\t\t\t\t<\/div>\n\t\t\t\t<\/div>\n\t\t\t\t<\/div>\n\t\t\t\t\t<\/div>\n\t\t\t\t<\/div>\n\t\t\t\t<section class=\"elementor-section elementor-top-section elementor-element elementor-element-42c45a56 elementor-section-boxed elementor-section-height-default elementor-section-height-default\" data-id=\"42c45a56\" data-element_type=\"section\" id=\"xs_testi_1\" data-settings=\"{&quot;background_background&quot;:&quot;classic&quot;}\">\n\t\t\t\t\t\t<div class=\"elementor-container elementor-column-gap-default\">\n\t\t\t\t\t<div class=\"elementor-column elementor-col-100 elementor-top-column elementor-element elementor-element-1a4b5c28\" data-id=\"1a4b5c28\" data-element_type=\"column\">\n\t\t\t<div class=\"elementor-widget-wrap elementor-element-populated\">\n\t\t\t\t\t\t<section class=\"elementor-section elementor-inner-section elementor-element elementor-element-35f809f1 elementor-section-boxed elementor-section-height-default elementor-section-height-default\" data-id=\"35f809f1\" data-element_type=\"section\">\n\t\t\t\t\t\t<div class=\"elementor-container elementor-column-gap-default\">\n\t\t\t\t\t<div class=\"elementor-column elementor-col-100 elementor-inner-column elementor-element elementor-element-1cca5be5\" data-id=\"1cca5be5\" data-element_type=\"column\">\n\t\t\t<div class=\"elementor-widget-wrap\">\n\t\t\t\t\t\t\t<\/div>\n\t\t<\/div>\n\t\t\t\t\t<\/div>\n\t\t<\/section>\n\t\t\t\t<section class=\"elementor-section elementor-inner-section elementor-element elementor-element-3c312fb1 elementor-section-boxed elementor-section-height-default elementor-section-height-default\" data-id=\"3c312fb1\" data-element_type=\"section\">\n\t\t\t\t\t\t<div class=\"elementor-container elementor-column-gap-default\">\n\t\t\t\t\t<div class=\"elementor-column elementor-col-33 elementor-inner-column elementor-element elementor-element-f0cc159\" data-id=\"f0cc159\" data-element_type=\"column\">\n\t\t\t<div class=\"elementor-widget-wrap\">\n\t\t\t\t\t\t\t<\/div>\n\t\t<\/div>\n\t\t\t\t<div class=\"elementor-column elementor-col-33 elementor-inner-column elementor-element elementor-element-356269dc\" data-id=\"356269dc\" data-element_type=\"column\">\n\t\t\t<div class=\"elementor-widget-wrap\">\n\t\t\t\t\t\t\t<\/div>\n\t\t<\/div>\n\t\t\t\t<div class=\"elementor-column elementor-col-33 elementor-inner-column elementor-element elementor-element-3521aa07\" data-id=\"3521aa07\" data-element_type=\"column\">\n\t\t\t<div class=\"elementor-widget-wrap\">\n\t\t\t\t\t\t\t<\/div>\n\t\t<\/div>\n\t\t\t\t\t<\/div>\n\t\t<\/section>\n\t\t\t\t\t<\/div>\n\t\t<\/div>\n\t\t\t\t\t<\/div>\n\t\t<\/section>\n\t\t\t\t<\/div>\n\t\t","protected":false},"excerpt":{"rendered":"<p>Tagual\u00f3 Tagual\u00f3 significa \u201ccasa\u201d en idioma Pansaleo*, y desde el huerto y la cocina de nuestra casa, creamos una cocina sostenible que cambia su men\u00fa seg\u00fan el ritmo de la tierra, rindi\u00e9ndole un homenaje al territorio ecuatoriano y sus peque\u00f1os productores. Bienvenidos a mi casa Mi lugar favorito, la casa familiar que ahora es la [&hellip;]<\/p>\n","protected":false},"author":1,"featured_media":0,"parent":0,"menu_order":0,"comment_status":"closed","ping_status":"closed","template":"elementor_header_footer","meta":{"hide_page_title":"","_coblocks_attr":"","_coblocks_dimensions":"","_coblocks_responsive_height":"","_coblocks_accordion_ie_support":"","footnotes":""},"class_list":["post-1270","page","type-page","status-publish","hentry"],"_links":{"self":[{"href":"https:\/\/juanalulema.org\/index.php\/wp-json\/wp\/v2\/pages\/1270","targetHints":{"allow":["GET"]}}],"collection":[{"href":"https:\/\/juanalulema.org\/index.php\/wp-json\/wp\/v2\/pages"}],"about":[{"href":"https:\/\/juanalulema.org\/index.php\/wp-json\/wp\/v2\/types\/page"}],"author":[{"embeddable":true,"href":"https:\/\/juanalulema.org\/index.php\/wp-json\/wp\/v2\/users\/1"}],"replies":[{"embeddable":true,"href":"https:\/\/juanalulema.org\/index.php\/wp-json\/wp\/v2\/comments?post=1270"}],"version-history":[{"count":458,"href":"https:\/\/juanalulema.org\/index.php\/wp-json\/wp\/v2\/pages\/1270\/revisions"}],"predecessor-version":[{"id":3648,"href":"https:\/\/juanalulema.org\/index.php\/wp-json\/wp\/v2\/pages\/1270\/revisions\/3648"}],"wp:attachment":[{"href":"https:\/\/juanalulema.org\/index.php\/wp-json\/wp\/v2\/media?parent=1270"}],"curies":[{"name":"wp","href":"https:\/\/api.w.org\/{rel}","templated":true}]}}