{"id":1274,"date":"2023-10-10T10:56:50","date_gmt":"2023-10-10T15:56:50","guid":{"rendered":"https:\/\/juanalulema.org\/?page_id=1274"},"modified":"2024-05-21T08:13:45","modified_gmt":"2024-05-21T13:13:45","slug":"nuum","status":"publish","type":"page","link":"https:\/\/juanalulema.org\/index.php\/nuum\/","title":{"rendered":"Nuum"},"content":{"rendered":"\t\t<div data-elementor-type=\"wp-page\" data-elementor-id=\"1274\" class=\"elementor elementor-1274\">\n\t\t\t\t<div class=\"elementor-element elementor-element-2ca613c e-flex e-con-boxed e-con e-parent\" data-id=\"2ca613c\" data-element_type=\"container\" data-settings=\"{&quot;background_background&quot;:&quot;classic&quot;}\">\n\t\t\t\t\t<div class=\"e-con-inner\">\n\t\t\t\t<div class=\"elementor-element elementor-element-0dcb853 elementor-widget elementor-widget-heading\" data-id=\"0dcb853\" data-element_type=\"widget\" data-widget_type=\"heading.default\">\n\t\t\t\t<div class=\"elementor-widget-container\">\n\t\t\t<style>\/*! elementor - v3.23.0 - 05-08-2024 *\/\n.elementor-heading-title{padding:0;margin:0;line-height:1}.elementor-widget-heading .elementor-heading-title[class*=elementor-size-]>a{color:inherit;font-size:inherit;line-height:inherit}.elementor-widget-heading .elementor-heading-title.elementor-size-small{font-size:15px}.elementor-widget-heading .elementor-heading-title.elementor-size-medium{font-size:19px}.elementor-widget-heading .elementor-heading-title.elementor-size-large{font-size:29px}.elementor-widget-heading .elementor-heading-title.elementor-size-xl{font-size:39px}.elementor-widget-heading .elementor-heading-title.elementor-size-xxl{font-size:59px}<\/style><h1 class=\"elementor-heading-title elementor-size-default\">Nuum<\/h1>\t\t<\/div>\n\t\t\t\t<\/div>\n\t\t\t\t<div class=\"elementor-element elementor-element-4207b3d elementor-widget elementor-widget-heading\" data-id=\"4207b3d\" data-element_type=\"widget\" data-widget_type=\"heading.default\">\n\t\t\t\t<div class=\"elementor-widget-container\">\n\t\t\t<h2 class=\"elementor-heading-title elementor-size-default\">Cocina sostenible de autor<\/h2>\t\t<\/div>\n\t\t\t\t<\/div>\n\t\t\t\t\t<\/div>\n\t\t\t\t<\/div>\n\t\t<div class=\"elementor-element elementor-element-691523a e-flex e-con-boxed e-con e-parent\" data-id=\"691523a\" data-element_type=\"container\" data-settings=\"{&quot;background_background&quot;:&quot;classic&quot;}\">\n\t\t\t\t\t<div class=\"e-con-inner\">\n\t\t\t\t<div class=\"elementor-element elementor-element-8a6d23c elementor-widget elementor-widget-image\" data-id=\"8a6d23c\" data-element_type=\"widget\" data-widget_type=\"image.default\">\n\t\t\t\t<div class=\"elementor-widget-container\">\n\t\t\t<style>\/*! elementor - v3.23.0 - 05-08-2024 *\/\n.elementor-widget-image{text-align:center}.elementor-widget-image a{display:inline-block}.elementor-widget-image a img[src$=\".svg\"]{width:48px}.elementor-widget-image img{vertical-align:middle;display:inline-block}<\/style>\t\t\t\t\t\t\t\t\t\t<img fetchpriority=\"high\" decoding=\"async\" width=\"660\" height=\"612\" src=\"https:\/\/juanalulema.org\/wp-content\/uploads\/2024\/02\/Captura-de-pantalla-2024-02-20-a-las-5.50.51-a.m-e1708426465566-768x712.png\" class=\"attachment-medium_large size-medium_large wp-image-1806\" alt=\"\" srcset=\"https:\/\/juanalulema.org\/wp-content\/uploads\/2024\/02\/Captura-de-pantalla-2024-02-20-a-las-5.50.51-a.m-e1708426465566-768x712.png 768w, https:\/\/juanalulema.org\/wp-content\/uploads\/2024\/02\/Captura-de-pantalla-2024-02-20-a-las-5.50.51-a.m-e1708426465566-300x278.png 300w, https:\/\/juanalulema.org\/wp-content\/uploads\/2024\/02\/Captura-de-pantalla-2024-02-20-a-las-5.50.51-a.m-e1708426465566.png 1014w\" sizes=\"(max-width: 660px) 100vw, 660px\" \/>\t\t\t\t\t\t\t\t\t\t\t\t\t<\/div>\n\t\t\t\t<\/div>\n\t\t\t\t\t<\/div>\n\t\t\t\t<\/div>\n\t\t<div class=\"elementor-element elementor-element-6f9519d e-flex e-con-boxed e-con e-parent\" data-id=\"6f9519d\" data-element_type=\"container\" data-settings=\"{&quot;background_background&quot;:&quot;classic&quot;}\">\n\t\t\t\t\t<div class=\"e-con-inner\">\n\t\t\t\t<div class=\"elementor-element elementor-element-ccdc331 elementor-widget elementor-widget-text-editor\" data-id=\"ccdc331\" data-element_type=\"widget\" data-widget_type=\"text-editor.default\">\n\t\t\t\t<div class=\"elementor-widget-container\">\n\t\t\t<style>\/*! elementor - v3.23.0 - 05-08-2024 *\/\n.elementor-widget-text-editor.elementor-drop-cap-view-stacked .elementor-drop-cap{background-color:#69727d;color:#fff}.elementor-widget-text-editor.elementor-drop-cap-view-framed .elementor-drop-cap{color:#69727d;border:3px solid;background-color:transparent}.elementor-widget-text-editor:not(.elementor-drop-cap-view-default) .elementor-drop-cap{margin-top:8px}.elementor-widget-text-editor:not(.elementor-drop-cap-view-default) .elementor-drop-cap-letter{width:1em;height:1em}.elementor-widget-text-editor .elementor-drop-cap{float:left;text-align:center;line-height:1;font-size:50px}.elementor-widget-text-editor .elementor-drop-cap-letter{display:inline-block}<\/style>\t\t\t\t<p><span style=\"font-size: 17px;\">Nuum es el resultado de la sinergia entre tres grandes cocineros: Jos\u00e9 Sogues, Luis Jim\u00e9nez y Juan Carlos Alulema. Nuum es un laboratorio de ideas y sentimientos, que se caracteriza por cocinar pensando en el planeta. Impulsamos la pesca sostenible y la producci\u00f3n org\u00e1nica. Nuestro men\u00fa est\u00e1 hecho con productos locales ecuatorianos.<\/span><\/p>\t\t\t\t\t\t<\/div>\n\t\t\t\t<\/div>\n\t\t\t\t\t<\/div>\n\t\t\t\t<\/div>\n\t\t<div class=\"elementor-element elementor-element-a38fd29 e-flex e-con-boxed e-con e-parent\" data-id=\"a38fd29\" data-element_type=\"container\">\n\t\t\t\t\t<div class=\"e-con-inner\">\n\t\t\t\t<div class=\"elementor-element elementor-element-82b0938 elementor-widget elementor-widget-google_maps\" data-id=\"82b0938\" data-element_type=\"widget\" data-widget_type=\"google_maps.default\">\n\t\t\t\t<div class=\"elementor-widget-container\">\n\t\t\t<style>\/*! elementor - v3.23.0 - 05-08-2024 *\/\n.elementor-widget-google_maps .elementor-widget-container{overflow:hidden}.elementor-widget-google_maps .elementor-custom-embed{line-height:0}.elementor-widget-google_maps iframe{height:300px}<\/style>\t\t<div class=\"elementor-custom-embed\">\n\t\t\t<iframe loading=\"lazy\"\n\t\t\t\t\tsrc=\"https:\/\/maps.google.com\/maps?q=Restaurante%20Nuum&#038;t=m&#038;z=10&#038;output=embed&#038;iwloc=near\"\n\t\t\t\t\ttitle=\"Restaurante Nuum\"\n\t\t\t\t\taria-label=\"Restaurante Nuum\"\n\t\t\t><\/iframe>\n\t\t<\/div>\n\t\t\t\t<\/div>\n\t\t\t\t<\/div>\n\t\t\t\t\t<\/div>\n\t\t\t\t<\/div>\n\t\t<div class=\"elementor-element elementor-element-e311615 e-grid e-con-boxed e-con e-parent\" data-id=\"e311615\" data-element_type=\"container\">\n\t\t\t\t\t<div class=\"e-con-inner\">\n\t\t\t\t<div class=\"elementor-element elementor-element-b3f215d elementor-widget elementor-widget-heading\" data-id=\"b3f215d\" data-element_type=\"widget\" data-widget_type=\"heading.default\">\n\t\t\t\t<div class=\"elementor-widget-container\">\n\t\t\t<h2 class=\"elementor-heading-title elementor-size-default\"><ul class=\"elementor-icon-list-items\" style=\"font-size: 16.799999px;font-weight: 400;letter-spacing: normal\"><li class=\"elementor-icon-list-item\" style=\"padding-bottom: calc(4px);justify-content: flex-start;text-align: left\"><span class=\"elementor-icon-list-text\" style=\"color: var( --e-global-color-secondary );font-family: Abel, sans-serif;font-size: 20px\">Direcci\u00f3n:&nbsp;7Via lactea 170157 Quito, Ecuador<\/span><\/li><li class=\"elementor-icon-list-item\" style=\"margin-top: calc(4px);padding-bottom: calc(4px);justify-content: flex-start;text-align: left\"><span class=\"elementor-icon-list-text\" style=\"color: var( --e-global-color-secondary );font-family: Abel, sans-serif;font-size: 20px\">Horario:&nbsp;13:00Hrs a  22:30Hrs  Martes \u2013 S\u00e1bado<\/span><\/li><li class=\"elementor-icon-list-item\" style=\"margin-top: calc(4px);padding-bottom: calc(4px);justify-content: flex-start;text-align: left\"><span class=\"elementor-icon-list-text\" style=\"color: var( --e-global-color-secondary );font-family: Abel, sans-serif;font-size: 20px\">Celular:&nbsp;+593 99 977 2120<\/span><\/li><li class=\"elementor-icon-list-item\" style=\"margin-top: calc(4px);justify-content: flex-start;text-align: left\"><span class=\"elementor-icon-list-text\" style=\"color: var( --e-global-color-secondary );font-family: Abel, sans-serif;font-size: 20px\">Email:&nbsp;nuum.gastronomia@gmail.com<\/span><\/li><\/ul><\/h2>\t\t<\/div>\n\t\t\t\t<\/div>\n\t\t\t\t\t<\/div>\n\t\t\t\t<\/div>\n\t\t\t\t<\/div>\n\t\t","protected":false},"excerpt":{"rendered":"<p>Nuum Cocina sostenible de autor Nuum es el resultado de la sinergia entre tres grandes cocineros: Jos\u00e9 Sogues, Luis Jim\u00e9nez y Juan Carlos Alulema. Nuum es un laboratorio de ideas y sentimientos, que se caracteriza por cocinar pensando en el planeta. Impulsamos la pesca sostenible y la producci\u00f3n org\u00e1nica. Nuestro men\u00fa est\u00e1 hecho con productos [&hellip;]<\/p>\n","protected":false},"author":1,"featured_media":0,"parent":0,"menu_order":0,"comment_status":"closed","ping_status":"closed","template":"elementor_header_footer","meta":{"hide_page_title":"","_coblocks_attr":"","_coblocks_dimensions":"","_coblocks_responsive_height":"","_coblocks_accordion_ie_support":"","footnotes":""},"class_list":["post-1274","page","type-page","status-publish","hentry"],"_links":{"self":[{"href":"https:\/\/juanalulema.org\/index.php\/wp-json\/wp\/v2\/pages\/1274","targetHints":{"allow":["GET"]}}],"collection":[{"href":"https:\/\/juanalulema.org\/index.php\/wp-json\/wp\/v2\/pages"}],"about":[{"href":"https:\/\/juanalulema.org\/index.php\/wp-json\/wp\/v2\/types\/page"}],"author":[{"embeddable":true,"href":"https:\/\/juanalulema.org\/index.php\/wp-json\/wp\/v2\/users\/1"}],"replies":[{"embeddable":true,"href":"https:\/\/juanalulema.org\/index.php\/wp-json\/wp\/v2\/comments?post=1274"}],"version-history":[{"count":70,"href":"https:\/\/juanalulema.org\/index.php\/wp-json\/wp\/v2\/pages\/1274\/revisions"}],"predecessor-version":[{"id":3683,"href":"https:\/\/juanalulema.org\/index.php\/wp-json\/wp\/v2\/pages\/1274\/revisions\/3683"}],"wp:attachment":[{"href":"https:\/\/juanalulema.org\/index.php\/wp-json\/wp\/v2\/media?parent=1274"}],"curies":[{"name":"wp","href":"https:\/\/api.w.org\/{rel}","templated":true}]}}