{"id":136,"date":"2023-07-21T13:28:44","date_gmt":"2023-07-21T18:28:44","guid":{"rendered":"https:\/\/juanalulema.org\/?page_id=136"},"modified":"2024-04-01T00:33:46","modified_gmt":"2024-04-01T05:33:46","slug":"blog","status":"publish","type":"page","link":"https:\/\/juanalulema.org\/index.php\/blog\/","title":{"rendered":"Blog"},"content":{"rendered":"\t\t<div data-elementor-type=\"wp-page\" data-elementor-id=\"136\" class=\"elementor elementor-136\">\n\t\t\t\t<div class=\"elementor-element elementor-element-5632931 e-flex e-con-boxed e-con e-parent\" data-id=\"5632931\" data-element_type=\"container\" data-settings=\"{&quot;background_background&quot;:&quot;classic&quot;}\">\n\t\t\t\t\t<div class=\"e-con-inner\">\n\t\t\t\t<div class=\"elementor-element elementor-element-a830821 elementor-widget elementor-widget-heading\" data-id=\"a830821\" data-element_type=\"widget\" data-widget_type=\"heading.default\">\n\t\t\t\t<div class=\"elementor-widget-container\">\n\t\t\t<style>\/*! elementor - v3.23.0 - 05-08-2024 *\/\n.elementor-heading-title{padding:0;margin:0;line-height:1}.elementor-widget-heading .elementor-heading-title[class*=elementor-size-]>a{color:inherit;font-size:inherit;line-height:inherit}.elementor-widget-heading .elementor-heading-title.elementor-size-small{font-size:15px}.elementor-widget-heading .elementor-heading-title.elementor-size-medium{font-size:19px}.elementor-widget-heading .elementor-heading-title.elementor-size-large{font-size:29px}.elementor-widget-heading .elementor-heading-title.elementor-size-xl{font-size:39px}.elementor-widget-heading .elementor-heading-title.elementor-size-xxl{font-size:59px}<\/style><h1 class=\"elementor-heading-title elementor-size-default\">Calor residual: Reflexiones de un cocinero<\/h1>\t\t<\/div>\n\t\t\t\t<\/div>\n\t\t\t\t\t<\/div>\n\t\t\t\t<\/div>\n\t\t<div class=\"elementor-element elementor-element-6ca14c9 e-flex e-con-boxed e-con e-parent\" data-id=\"6ca14c9\" data-element_type=\"container\" data-settings=\"{&quot;background_background&quot;:&quot;classic&quot;}\">\n\t\t\t\t\t<div class=\"e-con-inner\">\n\t\t\t\t<div class=\"elementor-element elementor-element-6408470 elementor-widget elementor-widget-ucaddon_post_blocks\" data-id=\"6408470\" data-element_type=\"widget\" data-widget_type=\"ucaddon_post_blocks.default\">\n\t\t\t\t<div class=\"elementor-widget-container\">\n\t\t\t\n<!-- start Post Blocks -->\n\t\t<link id='font-awesome-css' href='https:\/\/juanalulema.org\/wp-content\/plugins\/unlimited-elements-for-elementor\/assets_libraries\/font-awesome6\/fontawesome-all.min.css' type='text\/css' rel='stylesheet' >\n\t\t<link id='font-awesome-4-shim-css' href='https:\/\/juanalulema.org\/wp-content\/plugins\/unlimited-elements-for-elementor\/assets_libraries\/font-awesome6\/fontawesome-v4-shims.min.css' type='text\/css' rel='stylesheet' >\n\n<style>\/* widget: Post Blocks *\/\n\n\n\n#uc_post_blocks_elementor_6408470 {\n    display:grid;\n}\n#uc_post_blocks_elementor_6408470 .ue_post_blocks_box\n{\n  overflow:hidden;\n}\n\n#uc_post_blocks_elementor_6408470 .ue_post_blocks_image\n{\n  overflow:hidden;\n}\n#uc_post_blocks_elementor_6408470 .ue_post_blocks_image img\n{\n  object-fit: cover;\n  object-position:center center;\n  width:100%;\n  display:block;\n}\n#uc_post_blocks_elementor_6408470 .ue_post_blocks_link a\n{\n  display:inline-block;\n  text-decoration:none;\n  text-align:center;\n}\n\n #uc_post_blocks_elementor_6408470 .ue_post_blocks_box img\n{\n  transition:0.5s;\n}\n #uc_post_blocks_elementor_6408470 .ue_post_blocks_box:hover img\n{\n  transform:scale(1.1,1.1);\n}\n\n\n\n\n#uc_post_blocks_elementor_6408470 .ue-grid-item-meta-data\n{\n  display:inlin-flex;\n  flex-wrap: wrap;\n}\n\n.ue-grid-item-meta-data\n{\n  font-size:12px;\n}\n\n#uc_post_blocks_elementor_6408470 .ue-grid-item-meta-data-icon\n{\n  line-height:1em;\n}\n\n#uc_post_blocks_elementor_6408470 .ue-grid-item-meta-data-icon svg\n{\n  width:1em;\n  height:1em;\n}\n\n#uc_post_blocks_elementor_6408470 .ue_post_blocks_box{\n  display: flex;\n  flex-direction: column;\n}\n#uc_post_blocks_elementor_6408470 .ue_post_blocks_content{\n display: flex; flex-grow: 1;\n flex-direction: column;\n}\n#uc_post_blocks_elementor_6408470 .ue_post_blocks_link{ margin-top: auto;\n}\n\n.ue-grid-item-category a\n{\n  display:inline-block;\n  font-size:10px;\n  text-transform:uppercase;\n}\n\n<\/style>\n\n<div id=\"uc_post_blocks_elementor_6408470\" class=\"ue_post_blocks uc-items-wrapper\" >\n    <div class=\"ue_post_blocks_box\">\n    <div class=\"ue_post_blocks_image\">\n    <a href=\"https:\/\/juanalulema.org\/index.php\/2024\/05\/14\/yo-solo-queria-ser-cocinero-de-la-pasion-a-la-vocacion\/\" style=\"display:block;\"><img loading=\"lazy\" decoding=\"async\" src=\"https:\/\/juanalulema.org\/wp-content\/uploads\/2024\/03\/71bd2e2b-8451-46de-9286-776192e96032-768x474.jpg\"  src=\"https:\/\/juanalulema.org\/wp-content\/uploads\/2024\/03\/71bd2e2b-8451-46de-9286-776192e96032-768x474.jpg\" alt=\"71bd2e2b-8451-46de-9286-776192e96032\" width=\"768\" height=\"474\"><\/a>\n  <\/div>\n    <div class=\"ue_post_blocks_content\">\n      \n     \n         \n    <div class=\"ue_post_blocks_title\"><a href=\"https:\/\/juanalulema.org\/index.php\/2024\/05\/14\/yo-solo-queria-ser-cocinero-de-la-pasion-a-la-vocacion\/\">Yo solo quer\u00eda ser cocinero: De la pasi\u00f3n a la vocaci\u00f3n<\/a><\/div>    \n        \n    \n    <div class=\"ue_post_blocks_text\">Empec\u00e9 mi carrera pensando que me gustaba cocinar, y que esa era mi verdadera y \u00fanica esencia, y as\u00ed...<\/div>    <div class=\"ue_post_blocks_link\"><a href=\"https:\/\/juanalulema.org\/index.php\/2024\/05\/14\/yo-solo-queria-ser-cocinero-de-la-pasion-a-la-vocacion\/\" class=\"\">Leer m\u00e1s<\/a><\/div>  <\/div>\n<\/div>\n<div class=\"ue_post_blocks_box\">\n    <div class=\"ue_post_blocks_image\">\n    <a href=\"https:\/\/juanalulema.org\/index.php\/2023\/08\/08\/aprender-a-tomar-vino-es-aprender-a-celebrar-la-vida\/\" style=\"display:block;\"><img loading=\"lazy\" decoding=\"async\" src=\"https:\/\/juanalulema.org\/wp-content\/uploads\/2023\/08\/Blog0201-768x512.jpg\"  src=\"https:\/\/juanalulema.org\/wp-content\/uploads\/2023\/08\/Blog0201-768x512.jpg\" alt=\"Blog0201\" width=\"768\" height=\"512\"><\/a>\n  <\/div>\n    <div class=\"ue_post_blocks_content\">\n      \n     \n         \n    <div class=\"ue_post_blocks_title\"><a href=\"https:\/\/juanalulema.org\/index.php\/2023\/08\/08\/aprender-a-tomar-vino-es-aprender-a-celebrar-la-vida\/\">El pan como unidad y movimiento<\/a><\/div>    \n        \n    \n    <div class=\"ue_post_blocks_text\">Si hay un elemento en mi cocina al que le tenga un especial cari\u00f1o es EL PAN. No soy panadero, pero teniendo...<\/div>    <div class=\"ue_post_blocks_link\"><a href=\"https:\/\/juanalulema.org\/index.php\/2023\/08\/08\/aprender-a-tomar-vino-es-aprender-a-celebrar-la-vida\/\" class=\"\">Leer m\u00e1s<\/a><\/div>  <\/div>\n<\/div>\n<div class=\"ue_post_blocks_box\">\n    <div class=\"ue_post_blocks_image\">\n    <a href=\"https:\/\/juanalulema.org\/index.php\/2023\/08\/07\/recetasdevida-la-cosecha-tagualo\/\" style=\"display:block;\"><img loading=\"lazy\" decoding=\"async\" src=\"https:\/\/juanalulema.org\/wp-content\/uploads\/2024\/05\/Blog0303-768x432.jpg\"  src=\"https:\/\/juanalulema.org\/wp-content\/uploads\/2024\/05\/Blog0303-768x432.jpg\" alt=\"Blog0303\" width=\"768\" height=\"432\"><\/a>\n  <\/div>\n    <div class=\"ue_post_blocks_content\">\n      \n     \n         \n    <div class=\"ue_post_blocks_title\"><a href=\"https:\/\/juanalulema.org\/index.php\/2023\/08\/07\/recetasdevida-la-cosecha-tagualo\/\">Ecosistemas de cambio<\/a><\/div>    \n        \n    \n    <div class=\"ue_post_blocks_text\">Cuando estudiaba y me enfrentaba diariamente al infernal tr\u00e1fico de la capital, siempre pensaba: \u00bfHasta...<\/div>    <div class=\"ue_post_blocks_link\"><a href=\"https:\/\/juanalulema.org\/index.php\/2023\/08\/07\/recetasdevida-la-cosecha-tagualo\/\" class=\"\">Leer m\u00e1s<\/a><\/div>  <\/div>\n<\/div>\n\n<\/div>\n<!-- end Post Blocks -->\t\t<\/div>\n\t\t\t\t<\/div>\n\t\t\t\t\t<\/div>\n\t\t\t\t<\/div>\n\t\t<div class=\"elementor-element elementor-element-50448d8 e-flex e-con-boxed e-con e-parent\" data-id=\"50448d8\" data-element_type=\"container\" data-settings=\"{&quot;background_background&quot;:&quot;classic&quot;}\">\n\t\t\t\t\t<div class=\"e-con-inner\">\n\t\t\t\t<div class=\"elementor-element elementor-element-c97069c elementor-widget elementor-widget-spacer\" data-id=\"c97069c\" data-element_type=\"widget\" data-widget_type=\"spacer.default\">\n\t\t\t\t<div class=\"elementor-widget-container\">\n\t\t\t<style>\/*! elementor - v3.23.0 - 05-08-2024 *\/\n.elementor-column .elementor-spacer-inner{height:var(--spacer-size)}.e-con{--container-widget-width:100%}.e-con-inner>.elementor-widget-spacer,.e-con>.elementor-widget-spacer{width:var(--container-widget-width,var(--spacer-size));--align-self:var(--container-widget-align-self,initial);--flex-shrink:0}.e-con-inner>.elementor-widget-spacer>.elementor-widget-container,.e-con>.elementor-widget-spacer>.elementor-widget-container{height:100%;width:100%}.e-con-inner>.elementor-widget-spacer>.elementor-widget-container>.elementor-spacer,.e-con>.elementor-widget-spacer>.elementor-widget-container>.elementor-spacer{height:100%}.e-con-inner>.elementor-widget-spacer>.elementor-widget-container>.elementor-spacer>.elementor-spacer-inner,.e-con>.elementor-widget-spacer>.elementor-widget-container>.elementor-spacer>.elementor-spacer-inner{height:var(--container-widget-height,var(--spacer-size))}.e-con-inner>.elementor-widget-spacer.elementor-widget-empty,.e-con>.elementor-widget-spacer.elementor-widget-empty{position:relative;min-height:22px;min-width:22px}.e-con-inner>.elementor-widget-spacer.elementor-widget-empty .elementor-widget-empty-icon,.e-con>.elementor-widget-spacer.elementor-widget-empty .elementor-widget-empty-icon{position:absolute;top:0;bottom:0;left:0;right:0;margin:auto;padding:0;width:22px;height:22px}<\/style>\t\t<div class=\"elementor-spacer\">\n\t\t\t<div class=\"elementor-spacer-inner\"><\/div>\n\t\t<\/div>\n\t\t\t\t<\/div>\n\t\t\t\t<\/div>\n\t\t\t\t\t<\/div>\n\t\t\t\t<\/div>\n\t\t\t\t<\/div>\n\t\t","protected":false},"excerpt":{"rendered":"<p>Calor residual: Reflexiones de un cocinero Yo solo quer\u00eda ser cocinero: De la pasi\u00f3n a la vocaci\u00f3n Empec\u00e9 mi carrera pensando que me gustaba cocinar, y que esa era mi verdadera y \u00fanica esencia, y as\u00ed&#8230; Leer m\u00e1s El pan como unidad y movimiento Si hay un elemento en mi cocina al que le tenga [&hellip;]<\/p>\n","protected":false},"author":1,"featured_media":0,"parent":0,"menu_order":0,"comment_status":"closed","ping_status":"closed","template":"elementor_header_footer","meta":{"hide_page_title":"","_coblocks_attr":"","_coblocks_dimensions":"","_coblocks_responsive_height":"","_coblocks_accordion_ie_support":"","footnotes":""},"class_list":["post-136","page","type-page","status-publish","hentry"],"_links":{"self":[{"href":"https:\/\/juanalulema.org\/index.php\/wp-json\/wp\/v2\/pages\/136","targetHints":{"allow":["GET"]}}],"collection":[{"href":"https:\/\/juanalulema.org\/index.php\/wp-json\/wp\/v2\/pages"}],"about":[{"href":"https:\/\/juanalulema.org\/index.php\/wp-json\/wp\/v2\/types\/page"}],"author":[{"embeddable":true,"href":"https:\/\/juanalulema.org\/index.php\/wp-json\/wp\/v2\/users\/1"}],"replies":[{"embeddable":true,"href":"https:\/\/juanalulema.org\/index.php\/wp-json\/wp\/v2\/comments?post=136"}],"version-history":[{"count":114,"href":"https:\/\/juanalulema.org\/index.php\/wp-json\/wp\/v2\/pages\/136\/revisions"}],"predecessor-version":[{"id":3380,"href":"https:\/\/juanalulema.org\/index.php\/wp-json\/wp\/v2\/pages\/136\/revisions\/3380"}],"wp:attachment":[{"href":"https:\/\/juanalulema.org\/index.php\/wp-json\/wp\/v2\/media?parent=136"}],"curies":[{"name":"wp","href":"https:\/\/api.w.org\/{rel}","templated":true}]}}