{"id":712,"date":"2023-07-27T23:14:10","date_gmt":"2023-07-28T04:14:10","guid":{"rendered":"https:\/\/juanalulema.org\/?page_id=712"},"modified":"2024-09-05T18:08:47","modified_gmt":"2024-09-05T23:08:47","slug":"contacto","status":"publish","type":"page","link":"https:\/\/juanalulema.org\/index.php\/contacto\/","title":{"rendered":"Contacto"},"content":{"rendered":"\t\t<div data-elementor-type=\"wp-page\" data-elementor-id=\"712\" class=\"elementor elementor-712\">\n\t\t\t\t<div class=\"elementor-element elementor-element-48c24fb e-flex e-con-boxed e-con e-parent\" data-id=\"48c24fb\" data-element_type=\"container\">\n\t\t\t\t\t<div class=\"e-con-inner\">\n\t\t\t\t<div class=\"elementor-element elementor-element-26c1f03 elementor-widget elementor-widget-spacer\" data-id=\"26c1f03\" data-element_type=\"widget\" data-widget_type=\"spacer.default\">\n\t\t\t\t<div class=\"elementor-widget-container\">\n\t\t\t<style>\/*! elementor - v3.23.0 - 05-08-2024 *\/\n.elementor-column .elementor-spacer-inner{height:var(--spacer-size)}.e-con{--container-widget-width:100%}.e-con-inner>.elementor-widget-spacer,.e-con>.elementor-widget-spacer{width:var(--container-widget-width,var(--spacer-size));--align-self:var(--container-widget-align-self,initial);--flex-shrink:0}.e-con-inner>.elementor-widget-spacer>.elementor-widget-container,.e-con>.elementor-widget-spacer>.elementor-widget-container{height:100%;width:100%}.e-con-inner>.elementor-widget-spacer>.elementor-widget-container>.elementor-spacer,.e-con>.elementor-widget-spacer>.elementor-widget-container>.elementor-spacer{height:100%}.e-con-inner>.elementor-widget-spacer>.elementor-widget-container>.elementor-spacer>.elementor-spacer-inner,.e-con>.elementor-widget-spacer>.elementor-widget-container>.elementor-spacer>.elementor-spacer-inner{height:var(--container-widget-height,var(--spacer-size))}.e-con-inner>.elementor-widget-spacer.elementor-widget-empty,.e-con>.elementor-widget-spacer.elementor-widget-empty{position:relative;min-height:22px;min-width:22px}.e-con-inner>.elementor-widget-spacer.elementor-widget-empty .elementor-widget-empty-icon,.e-con>.elementor-widget-spacer.elementor-widget-empty .elementor-widget-empty-icon{position:absolute;top:0;bottom:0;left:0;right:0;margin:auto;padding:0;width:22px;height:22px}<\/style>\t\t<div class=\"elementor-spacer\">\n\t\t\t<div class=\"elementor-spacer-inner\"><\/div>\n\t\t<\/div>\n\t\t\t\t<\/div>\n\t\t\t\t<\/div>\n\t\t\t\t\t<\/div>\n\t\t\t\t<\/div>\n\t\t<div class=\"elementor-element elementor-element-6a41e15 e-flex e-con-boxed e-con e-parent\" data-id=\"6a41e15\" data-element_type=\"container\">\n\t\t\t\t\t<div class=\"e-con-inner\">\n\t\t<div class=\"elementor-element elementor-element-e57adc1 e-con-full e-flex e-con e-child\" data-id=\"e57adc1\" data-element_type=\"container\">\n\t\t\t\t<div class=\"elementor-element elementor-element-69f8315e elementor-widget elementor-widget-heading\" data-id=\"69f8315e\" data-element_type=\"widget\" data-widget_type=\"heading.default\">\n\t\t\t\t<div class=\"elementor-widget-container\">\n\t\t\t<style>\/*! elementor - v3.23.0 - 05-08-2024 *\/\n.elementor-heading-title{padding:0;margin:0;line-height:1}.elementor-widget-heading .elementor-heading-title[class*=elementor-size-]>a{color:inherit;font-size:inherit;line-height:inherit}.elementor-widget-heading .elementor-heading-title.elementor-size-small{font-size:15px}.elementor-widget-heading .elementor-heading-title.elementor-size-medium{font-size:19px}.elementor-widget-heading .elementor-heading-title.elementor-size-large{font-size:29px}.elementor-widget-heading .elementor-heading-title.elementor-size-xl{font-size:39px}.elementor-widget-heading .elementor-heading-title.elementor-size-xxl{font-size:59px}<\/style><h2 class=\"elementor-heading-title elementor-size-default\">Contactanos<\/h2>\t\t<\/div>\n\t\t\t\t<\/div>\n\t\t\t\t<div class=\"elementor-element elementor-element-6b255e84 elementor-widget__width-initial elementor-widget elementor-widget-text-editor\" data-id=\"6b255e84\" data-element_type=\"widget\" data-widget_type=\"text-editor.default\">\n\t\t\t\t<div class=\"elementor-widget-container\">\n\t\t\t<style>\/*! elementor - v3.23.0 - 05-08-2024 *\/\n.elementor-widget-text-editor.elementor-drop-cap-view-stacked .elementor-drop-cap{background-color:#69727d;color:#fff}.elementor-widget-text-editor.elementor-drop-cap-view-framed .elementor-drop-cap{color:#69727d;border:3px solid;background-color:transparent}.elementor-widget-text-editor:not(.elementor-drop-cap-view-default) .elementor-drop-cap{margin-top:8px}.elementor-widget-text-editor:not(.elementor-drop-cap-view-default) .elementor-drop-cap-letter{width:1em;height:1em}.elementor-widget-text-editor .elementor-drop-cap{float:left;text-align:center;line-height:1;font-size:50px}.elementor-widget-text-editor .elementor-drop-cap-letter{display:inline-block}<\/style>\t\t\t\t<p><span style=\"font-size: 22px;\"><strong><span style=\"font-family: Poppins;\">Me encantar\u00eda saber tus opiniones y propuestas hacia la regi\u00f3n.<\/span><\/strong><\/span><\/p>\t\t\t\t\t\t<\/div>\n\t\t\t\t<\/div>\n\t\t\t\t<\/div>\n\t\t<div class=\"elementor-element elementor-element-1134a4b e-con-full e-flex e-con e-child\" data-id=\"1134a4b\" data-element_type=\"container\">\n\t\t\t\t<div class=\"elementor-element elementor-element-1fcdc259 elementor-widget elementor-widget-image\" data-id=\"1fcdc259\" data-element_type=\"widget\" data-widget_type=\"image.default\">\n\t\t\t\t<div class=\"elementor-widget-container\">\n\t\t\t<style>\/*! elementor - v3.23.0 - 05-08-2024 *\/\n.elementor-widget-image{text-align:center}.elementor-widget-image a{display:inline-block}.elementor-widget-image a img[src$=\".svg\"]{width:48px}.elementor-widget-image img{vertical-align:middle;display:inline-block}<\/style>\t\t\t\t\t\t\t\t\t\t<img decoding=\"async\" src=\"https:\/\/juanalulema.org\/wp-content\/uploads\/elementor\/thumbs\/6-qlb5nv7wwe7oiiq7hqrktbob2p4jaypzju27msf9y8.jpg\" title=\"6\" alt=\"6\" loading=\"lazy\" \/>\t\t\t\t\t\t\t\t\t\t\t\t\t<\/div>\n\t\t\t\t<\/div>\n\t\t\t\t<\/div>\n\t\t\t\t\t<\/div>\n\t\t\t\t<\/div>\n\t\t<div class=\"elementor-element elementor-element-305a16a e-flex e-con-boxed e-con e-parent\" data-id=\"305a16a\" data-element_type=\"container\">\n\t\t\t\t\t<div class=\"e-con-inner\">\n\t\t<div class=\"elementor-element elementor-element-e8c7951 e-con-full e-flex e-con e-child\" data-id=\"e8c7951\" data-element_type=\"container\">\n\t\t\t\t<div class=\"elementor-element elementor-element-5bc22330 elementor-widget elementor-widget-image\" data-id=\"5bc22330\" data-element_type=\"widget\" data-widget_type=\"image.default\">\n\t\t\t\t<div class=\"elementor-widget-container\">\n\t\t\t\t\t\t\t\t\t\t\t\t\t<img decoding=\"async\" src=\"https:\/\/juanalulema.org\/wp-content\/uploads\/elementor\/thumbs\/10-qlb63bodabdffo9x8faptf96qsxtvs330c9nqli7mo.jpg\" title=\"10\" alt=\"10\" loading=\"lazy\" \/>\t\t\t\t\t\t\t\t\t\t\t\t\t<\/div>\n\t\t\t\t<\/div>\n\t\t\t\t<\/div>\n\t\t<div class=\"elementor-element elementor-element-9166bad e-con-full e-flex e-con e-child\" data-id=\"9166bad\" data-element_type=\"container\">\n\t\t\t\t<div class=\"elementor-element elementor-element-a00f985 elementor-widget elementor-widget-text-editor\" data-id=\"a00f985\" data-element_type=\"widget\" data-widget_type=\"text-editor.default\">\n\t\t\t\t<div class=\"elementor-widget-container\">\n\t\t\t\t\t\t\t<p><span class=\"elementor-icon-list-text elementor-inline-editing pen\" contenteditable=\"true\" spellcheck=\"false\" data-elementor-setting-key=\"icon_list.0.text\" data-pen-placeholder=\"Teclea aqu\u00ed...\" data-lt-tmp-id=\"lt-490669\" data-gramm=\"false\"><span style=\"font-size: 22px;\">Direcci\u00f3n: Calle 8 de septiembre (sector estadio huaynacuri) San Miguelito de P\u00edllaro Tungurahua Ecuador<\/span> <\/span><\/p>\t\t\t\t\t\t<\/div>\n\t\t\t\t<\/div>\n\t\t\t\t<div class=\"elementor-element elementor-element-e3fcd63 elementor-widget elementor-widget-text-editor\" data-id=\"e3fcd63\" data-element_type=\"widget\" data-widget_type=\"text-editor.default\">\n\t\t\t\t<div class=\"elementor-widget-container\">\n\t\t\t\t\t\t\t<p><span style=\"color: #333333; font-size: 22px;\"><strong>Horario<\/strong><\/span><\/p><ul><li><span style=\"color: #333333; font-size: 22px;\">S\u00e1bado 12:30 PM &#8211; 17:00 PM<\/span><\/li><li><span style=\"color: #333333; font-size: 22px;\">Domingo 12:30 PM &#8211; 17:00 PM<\/span><\/li><li><span style=\"color: #333333; font-size: 22px;\">Feriados 12:30 PM &#8211; 17:30 PM<\/span><\/li><\/ul><p><span style=\"color: #333333; font-size: 22px;\"><strong>Celular<\/strong><\/span><br \/><span style=\"color: #333333; font-size: 22px;\">+593 99 268 0570<\/span><br \/><span style=\"color: #333333; font-size: 22px;\"><strong>Correo Electr\u00f3nico: <\/strong>contacto@juanalulema.org<\/span><\/p>\t\t\t\t\t\t<\/div>\n\t\t\t\t<\/div>\n\t\t\t\t<\/div>\n\t\t\t\t\t<\/div>\n\t\t\t\t<\/div>\n\t\t<div class=\"elementor-element elementor-element-3f9d85a e-flex e-con-boxed e-con e-parent\" data-id=\"3f9d85a\" data-element_type=\"container\">\n\t\t\t\t\t<div class=\"e-con-inner\">\n\t\t<div class=\"elementor-element elementor-element-f596592 e-con-full e-flex e-con e-child\" data-id=\"f596592\" data-element_type=\"container\">\n\t\t\t\t<div class=\"elementor-element elementor-element-1dab741d elementor-widget elementor-widget-heading\" data-id=\"1dab741d\" data-element_type=\"widget\" data-widget_type=\"heading.default\">\n\t\t\t\t<div class=\"elementor-widget-container\">\n\t\t\t<h2 class=\"elementor-heading-title elementor-size-default\">Visitanos<\/h2>\t\t<\/div>\n\t\t\t\t<\/div>\n\t\t\t\t<div class=\"elementor-element elementor-element-52a1f8b elementor-widget elementor-widget-text-editor\" data-id=\"52a1f8b\" data-element_type=\"widget\" data-widget_type=\"text-editor.default\">\n\t\t\t\t<div class=\"elementor-widget-container\">\n\t\t\t\t\t\t\t<p><span style=\"font-size: 22px;\">Restaurante Tagual\u00f3<\/span><\/p>\t\t\t\t\t\t<\/div>\n\t\t\t\t<\/div>\n\t\t\t\t<\/div>\n\t\t<div class=\"elementor-element elementor-element-e5f4923 e-con-full e-flex e-con e-child\" data-id=\"e5f4923\" data-element_type=\"container\">\n\t\t\t\t<div class=\"elementor-element elementor-element-597e49e1 elementor-widget elementor-widget-google_maps\" data-id=\"597e49e1\" data-element_type=\"widget\" data-widget_type=\"google_maps.default\">\n\t\t\t\t<div class=\"elementor-widget-container\">\n\t\t\t<style>\/*! elementor - v3.23.0 - 05-08-2024 *\/\n.elementor-widget-google_maps .elementor-widget-container{overflow:hidden}.elementor-widget-google_maps .elementor-custom-embed{line-height:0}.elementor-widget-google_maps iframe{height:300px}<\/style>\t\t<div class=\"elementor-custom-embed\">\n\t\t\t<iframe loading=\"lazy\"\n\t\t\t\t\tsrc=\"https:\/\/maps.google.com\/maps?q=La%20Cosecha%20Tagual%C3%B3&#038;t=m&#038;z=17&#038;output=embed&#038;iwloc=near\"\n\t\t\t\t\ttitle=\"La Cosecha Tagual\u00f3\"\n\t\t\t\t\taria-label=\"La Cosecha Tagual\u00f3\"\n\t\t\t><\/iframe>\n\t\t<\/div>\n\t\t\t\t<\/div>\n\t\t\t\t<\/div>\n\t\t\t\t<\/div>\n\t\t\t\t\t<\/div>\n\t\t\t\t<\/div>\n\t\t<div class=\"elementor-element elementor-element-0b08058 e-flex e-con-boxed e-con e-parent\" data-id=\"0b08058\" data-element_type=\"container\">\n\t\t\t\t\t<div class=\"e-con-inner\">\n\t\t\t\t<div class=\"elementor-element elementor-element-20c373b elementor-widget elementor-widget-spacer\" data-id=\"20c373b\" data-element_type=\"widget\" data-widget_type=\"spacer.default\">\n\t\t\t\t<div class=\"elementor-widget-container\">\n\t\t\t\t\t<div class=\"elementor-spacer\">\n\t\t\t<div class=\"elementor-spacer-inner\"><\/div>\n\t\t<\/div>\n\t\t\t\t<\/div>\n\t\t\t\t<\/div>\n\t\t\t\t\t<\/div>\n\t\t\t\t<\/div>\n\t\t\t\t<\/div>\n\t\t","protected":false},"excerpt":{"rendered":"<p>Contactanos Me encantar\u00eda saber tus opiniones y propuestas hacia la regi\u00f3n. Direcci\u00f3n: Calle 8 de septiembre (sector estadio huaynacuri) San Miguelito de P\u00edllaro Tungurahua Ecuador Horario S\u00e1bado 12:30 PM &#8211; 17:00 PM Domingo 12:30 PM &#8211; 17:00 PM Feriados 12:30 PM &#8211; 17:30 PM Celular+593 99 268 0570Correo Electr\u00f3nico: contacto@juanalulema.org Visitanos Restaurante Tagual\u00f3<\/p>\n","protected":false},"author":1,"featured_media":0,"parent":0,"menu_order":0,"comment_status":"closed","ping_status":"closed","template":"elementor_header_footer","meta":{"hide_page_title":"","_coblocks_attr":"","_coblocks_dimensions":"","_coblocks_responsive_height":"","_coblocks_accordion_ie_support":"","footnotes":""},"class_list":["post-712","page","type-page","status-publish","hentry"],"_links":{"self":[{"href":"https:\/\/juanalulema.org\/index.php\/wp-json\/wp\/v2\/pages\/712","targetHints":{"allow":["GET"]}}],"collection":[{"href":"https:\/\/juanalulema.org\/index.php\/wp-json\/wp\/v2\/pages"}],"about":[{"href":"https:\/\/juanalulema.org\/index.php\/wp-json\/wp\/v2\/types\/page"}],"author":[{"embeddable":true,"href":"https:\/\/juanalulema.org\/index.php\/wp-json\/wp\/v2\/users\/1"}],"replies":[{"embeddable":true,"href":"https:\/\/juanalulema.org\/index.php\/wp-json\/wp\/v2\/comments?post=712"}],"version-history":[{"count":112,"href":"https:\/\/juanalulema.org\/index.php\/wp-json\/wp\/v2\/pages\/712\/revisions"}],"predecessor-version":[{"id":3699,"href":"https:\/\/juanalulema.org\/index.php\/wp-json\/wp\/v2\/pages\/712\/revisions\/3699"}],"wp:attachment":[{"href":"https:\/\/juanalulema.org\/index.php\/wp-json\/wp\/v2\/media?parent=712"}],"curies":[{"name":"wp","href":"https:\/\/api.w.org\/{rel}","templated":true}]}}